{"id":44,"date":"2014-04-20T19:42:28","date_gmt":"2014-04-20T19:42:28","guid":{"rendered":"http:\/\/www.twojwynajem.com\/?page_id=44"},"modified":"2025-03-11T21:53:29","modified_gmt":"2025-03-11T20:53:29","slug":"faq","status":"publish","type":"page","link":"https:\/\/www.twojwynajem.com\/?page_id=44","title":{"rendered":"FAQ"},"content":{"rendered":"<p><strong>Najcz\u0119\u015bciej zadawane pytania.<\/strong><\/p>\n<ul>\n<li><strong>Czy otrzymam zap\u0142at\u0119 czynszu w okresie pustostanu?<br \/><\/strong>Tak, czynsz jest wyp\u0142acany przez ca\u0142y okres trwania umowy.<\/li>\n<li><strong>Na jaki okres zawierana jest umowa?<br \/><\/strong>Preferujemy jak najd\u0142u\u017csze okresy od 3 do 5 lat.<\/li>\n<li><strong>Czy powinienem rozliczy\u0107 si\u0119 z\u00a0 urz\u0119dem skarbowym?<br \/><\/strong>Preferujemy rozliczanie z urz\u0119dem skarbowym.<\/li>\n<li><strong>Lepiej sprzeda\u0107 czy wynaj\u0105\u0107 moje mieszkanie?<br \/><\/strong>Jeste\u015bmy przekonani, \u017ce ka\u017cde mieszkanie to \u015bwietna inwestycja kt\u00f3ra od pocz\u0105tku mo\u017ce generowa\u0107 sta\u0142y doch\u00f3d.<\/li>\n<li><strong>Czy mog\u0119 sprawdza\u0107 stan mieszkania podczas trwania umowy?<br \/><\/strong>Tak, w\u0142a\u015bciciel w dowolnym momencie trwania umowy mo\u017ce z nami obejrze\u0107\u00a0 swoje mieszkanie.<\/li>\n<li><strong>Jak wygl\u0105da wsp\u00f3\u0142praca z MK Nieruchomo\u015bci (Tw\u00f3jWynajem.com)?<br \/><\/strong>Pokazujesz nam swoje mieszkanie, oszacowujemy jego potencja\u0142, podpisujemy umow\u0119, przygotowujemy mieszkanie do wynajmu.<\/li>\n<li><strong>Wynajmowa\u0142em ju\u017c swoje mieszkanie, najemca wyprowadzi\u0142 si\u0119 pozostawi\u0142 zniszczone zad\u0142u\u017cone mieszkanie, czeka mnie remont<\/strong>\u00a0. Dwa najwi\u0119ksze zagro\u017cenia przy wynajmowaniu mieszka\u0144 to okresy pustostan\u00f3w oraz nierzetelni najemcy. Powierz swoje mieszkanie profesjonalistom z do\u015bwiadczeniem, pozb\u0105d\u017a si\u0119 problem\u00f3w i spraw aby twoje mieszkanie efektywnie pracowa\u0142o dla Ciebie.<\/li>\n<li>\u00a0<strong>Po co MK Nieruchomo\u015bci? sam mog\u0119 wynaj\u0105\u0107 swoje mieszkanie.<br \/><\/strong>Oferta skierowana jest do os\u00f3b, kt\u00f3re maj\u0105 problem z wynaj\u0119ciem mieszkania, nie maj\u0105 czasu zajmowa\u0107 si\u0119 wynajmem, rozliczaniem medi\u00f3w, pilnowaniem najemc\u00f3w, mieszkaj\u0105 w innym mie\u015bcie lub po prostu nie chc\u0105 zajmowa\u0107 si\u0119 wynajmem.<\/li>\n<li><strong>Czy powiniemy si\u0119 obawia\u0107 nierzetelnych najemc\u00f3w?<br \/><\/strong>Firma MK Nieruchomo\u015bci ma wieloletnie do\u015bwiadczenie, sprawdzone procedury pozwalaj\u0105 zminimalizowa\u0107 ryzyko wynikaj\u0105ce z wynajmowania mieszka\u0144 nie w\u0142a\u015bciwym osobom.<\/li>\n<li><strong>Jaki Przych\u00f3d mog\u0119 uzyska\u0107 ze swojego mieszkania?<br \/><\/strong>Kwestia omawiana jest indywidualnie.<\/li>\n<\/ul>\n<p><strong>\u00a0<\/strong><\/p>\n<p><strong>PAMI\u0118TAJ, \u017ce wsp\u00f3\u0142pracuj\u0105c z nami jedyne co robisz to sprawdzasz wp\u0142ywy z wynajmu na swoim koncie \u2013 reszt\u0105 zajmujemy si\u0119 my!<\/strong><\/p>\n\n\n<p><\/p>\n\n\n\n<p><\/p>\n","protected":false},"excerpt":{"rendered":"<p>Najcz\u0119\u015bciej zadawane pytania. Czy otrzymam zap\u0142at\u0119 czynszu w okresie pustostanu?Tak, czynsz jest wyp\u0142acany przez ca\u0142y okres trwania umowy. Na jaki okres zawierana jest umowa?Preferujemy jak najd\u0142u\u017csze okresy od 3 do 5 lat. Czy powinienem rozliczy\u0107 si\u0119 z\u00a0 urz\u0119dem skarbowym?Preferujemy rozliczanie z urz\u0119dem skarbowym. Lepiej sprzeda\u0107 czy wynaj\u0105\u0107 moje mieszkanie?Jeste\u015bmy przekonani, \u017ce ka\u017cde mieszkanie to \u015bwietna &#8230; <a title=\"FAQ\" class=\"read-more\" href=\"https:\/\/www.twojwynajem.com\/?page_id=44\" aria-label=\"Read more about FAQ\">Read more<\/a><\/p>\n","protected":false},"author":1,"featured_media":0,"parent":0,"menu_order":0,"comment_status":"closed","ping_status":"closed","template":"","meta":{"footnotes":""},"class_list":{"0":"post-44","1":"page","2":"type-page","3":"status-publish","5":"no-featured-image-padding"},"_links":{"self":[{"href":"https:\/\/www.twojwynajem.com\/index.php?rest_route=\/wp\/v2\/pages\/44","targetHints":{"allow":["GET"]}}],"collection":[{"href":"https:\/\/www.twojwynajem.com\/index.php?rest_route=\/wp\/v2\/pages"}],"about":[{"href":"https:\/\/www.twojwynajem.com\/index.php?rest_route=\/wp\/v2\/types\/page"}],"author":[{"embeddable":true,"href":"https:\/\/www.twojwynajem.com\/index.php?rest_route=\/wp\/v2\/users\/1"}],"replies":[{"embeddable":true,"href":"https:\/\/www.twojwynajem.com\/index.php?rest_route=%2Fwp%2Fv2%2Fcomments&post=44"}],"version-history":[{"count":7,"href":"https:\/\/www.twojwynajem.com\/index.php?rest_route=\/wp\/v2\/pages\/44\/revisions"}],"predecessor-version":[{"id":5452,"href":"https:\/\/www.twojwynajem.com\/index.php?rest_route=\/wp\/v2\/pages\/44\/revisions\/5452"}],"wp:attachment":[{"href":"https:\/\/www.twojwynajem.com\/index.php?rest_route=%2Fwp%2Fv2%2Fmedia&parent=44"}],"curies":[{"name":"wp","href":"https:\/\/api.w.org\/{rel}","templated":true}]}}