{"id":38,"date":"2014-04-20T18:42:50","date_gmt":"2014-04-20T18:42:50","guid":{"rendered":"http:\/\/www.twojwynajem.com\/?page_id=38"},"modified":"2025-03-11T21:55:18","modified_gmt":"2025-03-11T20:55:18","slug":"o-firmie","status":"publish","type":"page","link":"https:\/\/www.twojwynajem.com\/?page_id=38","title":{"rendered":"O firmie &#8211; kontakt"},"content":{"rendered":"<p style=\"text-align: left;\"><strong>Misj\u0105 firmy MK nieruchomo\u015bci jest cywilizowanie rynku wynajmu mieszka\u0144 w Polsce.<\/strong><br \/>\nPosiadamy w\u0142asne mieszkania kt\u00f3re wynajmujemy od lat. Mamy do\u015bwiadczenie i wyspecjalizowane procedury, kt\u00f3re pomagaj\u0105 chroni\u0107 interesy obu stron wynajmuj\u0105cego i najemcy.<br \/>\nNajwi\u0119ksz\u0105 Warto\u015bci\u0105 Firmy MK Nieruchomo\u015bci jest d\u0142ugotrwa\u0142a relacja z klientem.<\/p>\n<p style=\"text-align: left;\">Nie pobieramy prowizji, a poniewa\u017c sami posiadamy mieszkania na wynajem, b\u0119dziemy potrafili zarz\u0105dza\u0107 twoim mieszkaniem lepiej.<\/p>\n<p style=\"text-align: left;\">Nie satysfakcjonuje Ci\u0119 oprocentowanie lokat bankowych? Uwolnij strumie\u0144 pasywnej got\u00f3wki i zarabiaj na nieruchomo\u015bciach.<\/p>\n<p style=\"text-align: left;\">Spraw aby Twoje mieszkanie Pracowa\u0142o dla Ciebie na pe\u0142nych obrotach<\/p>\n<p style=\"text-align: left;\">Firma Zarz\u0105dzaj\u0105ca dla twojej nieruchomo\u015bci \u00a0to luksus na kt\u00f3ry Ci\u0119 sta\u0107!<\/p>\n<p><strong>Kontakt do nas:<\/strong><\/p>\n<p><strong>MK Nieruchomo\u015bci<\/strong><br \/>\nMicha\u0142 Kaciuba<\/p>\n<p>ul. Broniewskiego 6a<br \/>\n59-300 Lubin<\/p>\n<p><strong>e-mail:<\/strong> kontakt@twojwynajem.com<br \/>\n<strong>telefon:<\/strong> 606 918 766<\/p>\n\n\n<p><\/p>\n\n\n\n<p><\/p>\n","protected":false},"excerpt":{"rendered":"<p>Misj\u0105 firmy MK nieruchomo\u015bci jest cywilizowanie rynku wynajmu mieszka\u0144 w Polsce. Posiadamy w\u0142asne mieszkania kt\u00f3re wynajmujemy od lat. Mamy do\u015bwiadczenie i wyspecjalizowane procedury, kt\u00f3re pomagaj\u0105 chroni\u0107 interesy obu stron wynajmuj\u0105cego i najemcy. Najwi\u0119ksz\u0105 Warto\u015bci\u0105 Firmy MK Nieruchomo\u015bci jest d\u0142ugotrwa\u0142a relacja z klientem. Nie pobieramy prowizji, a poniewa\u017c sami posiadamy mieszkania na wynajem, b\u0119dziemy potrafili zarz\u0105dza\u0107 &#8230; <a title=\"O firmie &#8211; kontakt\" class=\"read-more\" href=\"https:\/\/www.twojwynajem.com\/?page_id=38\" aria-label=\"Read more about O firmie &#8211; kontakt\">Read more<\/a><\/p>\n","protected":false},"author":1,"featured_media":0,"parent":0,"menu_order":0,"comment_status":"closed","ping_status":"closed","template":"","meta":{"footnotes":""},"class_list":{"0":"post-38","1":"page","2":"type-page","3":"status-publish","5":"no-featured-image-padding"},"_links":{"self":[{"href":"https:\/\/www.twojwynajem.com\/index.php?rest_route=\/wp\/v2\/pages\/38","targetHints":{"allow":["GET"]}}],"collection":[{"href":"https:\/\/www.twojwynajem.com\/index.php?rest_route=\/wp\/v2\/pages"}],"about":[{"href":"https:\/\/www.twojwynajem.com\/index.php?rest_route=\/wp\/v2\/types\/page"}],"author":[{"embeddable":true,"href":"https:\/\/www.twojwynajem.com\/index.php?rest_route=\/wp\/v2\/users\/1"}],"replies":[{"embeddable":true,"href":"https:\/\/www.twojwynajem.com\/index.php?rest_route=%2Fwp%2Fv2%2Fcomments&post=38"}],"version-history":[{"count":8,"href":"https:\/\/www.twojwynajem.com\/index.php?rest_route=\/wp\/v2\/pages\/38\/revisions"}],"predecessor-version":[{"id":5454,"href":"https:\/\/www.twojwynajem.com\/index.php?rest_route=\/wp\/v2\/pages\/38\/revisions\/5454"}],"wp:attachment":[{"href":"https:\/\/www.twojwynajem.com\/index.php?rest_route=%2Fwp%2Fv2%2Fmedia&parent=38"}],"curies":[{"name":"wp","href":"https:\/\/api.w.org\/{rel}","templated":true}]}}