{"id":146,"date":"2014-06-02T23:05:29","date_gmt":"2014-06-02T21:05:29","guid":{"rendered":"http:\/\/www.twojwynajem.com\/?page_id=146"},"modified":"2025-03-11T21:54:24","modified_gmt":"2025-03-11T20:54:24","slug":"oferta-dla-wlascicieli-mieszkan-na-wynajem","status":"publish","type":"page","link":"https:\/\/www.twojwynajem.com\/?page_id=146","title":{"rendered":"Oferta dla Wynajmuj\u0105cych"},"content":{"rendered":"<ul>\n<li>Zastanawiasz si\u0119 czy wynaj\u0105\u0107 swoje mieszkanie?<\/li>\n<li>Wynajmujesz swoje mieszkanie i chcesz podnie\u015b\u0107 przychody z najmu?<\/li>\n<li>chcesz unikn\u0105\u0107 koszt\u00f3w zwi\u0105zanych z wystawianiem dojazd\u00f3w do klienta by pokaza\u0107 mieszkanie?<\/li>\n<li>\u00a0Pracujesz zawodowo i nie masz czasu \u00a0zajmowa\u0107 si\u0119 dodatkowymi sprawami zwi\u0105zanymi z wynajmem mieszkania?<\/li>\n<li>Nie mo\u017cesz znale\u017a\u0107 najemcy a twoje mieszkanie stoi puste?<\/li>\n<li>Masz z\u0142e do\u015bwiadczenia w relacji z Najemcami.<\/li>\n<li>Przera\u017caj\u0105 Ci\u0119 formalno\u015bci zwi\u0105zane z kompleksow\u0105 obs\u0142uga wynajmowanego mieszkania?<\/li>\n<li>Mieszkasz w innym mie\u015bcie lub za granic\u0105?<\/li>\n<\/ul>\n<p><strong>Wyr\u0119czymy Ci\u0119 we wszystkim!<\/strong><\/p>\n<p><strong>Zarz\u0105dzania Najmem<\/strong><\/p>\n<p>To nowoczesna, ciesz\u0105ca si\u0119 powodzeniem oferta skierowana\u00a0 dla w\u0142a\u015bcicieli mieszka\u0144 na wynajem lub os\u00f3b zamierzaj\u0105cych kupi\u0107 mieszkanie na wynajem jako inwestycj\u0119. Pozwalaj\u0105ca ca\u0142kowicie odci\u0105\u017cy\u0107 w\u0142a\u015bcicieli od problem\u00f3w zwi\u0105zanych z wynajmem swojej nieruchomo\u015bci.<\/p>\n<ul>\n<li>Oszacujemy potencja\u0142 twojej nieruchomo\u015bci.<\/li>\n<li>Pomo\u017cemy przygotowa\u0107 mieszkanie do wynajmu.<\/li>\n<li>Odpowiednio wypromujemy twoje mieszkanie.<\/li>\n<li>Podniesiemy twoje przychody z Najmu.<\/li>\n<li>Szybko znajdziemy odpowiedniego najemc\u0119.<\/li>\n<li>Przejmiemy wszystkie obowi\u0105zki zwi\u0105zane z opiek\u0105 twojego mieszkania<\/li>\n<li>Zareagujemy na nag\u0142e zg\u0142oszenia od najemcy.<\/li>\n<li>D\u0105\u017cymy do tego aby to najemca pokrywa\u0142 koszty awarii.<\/li>\n<\/ul>\n<p><strong>Zarz\u0105dzanie Najmem w dw\u00f3ch wariantach.<\/strong><\/p>\n<p><strong>1)\u00a0\u00a0\u00a0\u00a0\u00a0 <\/strong><strong>Zarz\u0105dzanie najmem \u00a0\u00a0\u00a0\u00a0\u00a0\u00a0\u00a0\u00a0\u00a0\u00a0 <\/strong><\/p>\n<ul>\n<li>Brak prowizji za znalezienie najemcy.<\/li>\n<li>Brak op\u0142at w przypadku pustostanu.<\/li>\n<li>Ca\u0142kowity brak op\u0142at na start.<\/li>\n<li>Nasze miesi\u0119czne wynagrodzenie wynosi 11% miesi\u0119cznego przychodu z najmu. Nie mniej ni\u017c 200z\u0142 brutto.<\/li>\n<\/ul>\n<p><strong>2)\u00a0\u00a0\u00a0\u00a0\u00a0 <\/strong><strong>Oddanie w Podnajem firmie zarz\u0105dzaj\u0105cej:\u00a0 <\/strong><\/p>\n<ul>\n<li>Sta\u0142y czynsz wyp\u0142acany dla w\u0142a\u015bciciela nieruchomo\u015bci przez ca\u0142y okres trwania umowy.<\/li>\n<li>Po zako\u0144czeniu umowy wydanie lokalu w stanie nie pogorszonym.<\/li>\n<\/ul>\n<p>\u00a0<\/p>\n\n\n<p><\/p>\n\n\n\n<p><\/p>\n","protected":false},"excerpt":{"rendered":"<p>Zastanawiasz si\u0119 czy wynaj\u0105\u0107 swoje mieszkanie? Wynajmujesz swoje mieszkanie i chcesz podnie\u015b\u0107 przychody z najmu? chcesz unikn\u0105\u0107 koszt\u00f3w zwi\u0105zanych z wystawianiem dojazd\u00f3w do klienta by pokaza\u0107 mieszkanie? \u00a0Pracujesz zawodowo i nie masz czasu \u00a0zajmowa\u0107 si\u0119 dodatkowymi sprawami zwi\u0105zanymi z wynajmem mieszkania? Nie mo\u017cesz znale\u017a\u0107 najemcy a twoje mieszkanie stoi puste? Masz z\u0142e do\u015bwiadczenia w relacji &#8230; <a title=\"Oferta dla Wynajmuj\u0105cych\" class=\"read-more\" href=\"https:\/\/www.twojwynajem.com\/?page_id=146\" aria-label=\"Read more about Oferta dla Wynajmuj\u0105cych\">Read more<\/a><\/p>\n","protected":false},"author":1,"featured_media":0,"parent":0,"menu_order":0,"comment_status":"closed","ping_status":"closed","template":"","meta":{"footnotes":""},"class_list":{"0":"post-146","1":"page","2":"type-page","3":"status-publish","5":"no-featured-image-padding"},"_links":{"self":[{"href":"https:\/\/www.twojwynajem.com\/index.php?rest_route=\/wp\/v2\/pages\/146","targetHints":{"allow":["GET"]}}],"collection":[{"href":"https:\/\/www.twojwynajem.com\/index.php?rest_route=\/wp\/v2\/pages"}],"about":[{"href":"https:\/\/www.twojwynajem.com\/index.php?rest_route=\/wp\/v2\/types\/page"}],"author":[{"embeddable":true,"href":"https:\/\/www.twojwynajem.com\/index.php?rest_route=\/wp\/v2\/users\/1"}],"replies":[{"embeddable":true,"href":"https:\/\/www.twojwynajem.com\/index.php?rest_route=%2Fwp%2Fv2%2Fcomments&post=146"}],"version-history":[{"count":5,"href":"https:\/\/www.twojwynajem.com\/index.php?rest_route=\/wp\/v2\/pages\/146\/revisions"}],"predecessor-version":[{"id":5453,"href":"https:\/\/www.twojwynajem.com\/index.php?rest_route=\/wp\/v2\/pages\/146\/revisions\/5453"}],"wp:attachment":[{"href":"https:\/\/www.twojwynajem.com\/index.php?rest_route=%2Fwp%2Fv2%2Fmedia&parent=146"}],"curies":[{"name":"wp","href":"https:\/\/api.w.org\/{rel}","templated":true}]}}